{"id":2,"date":"2023-02-06T14:52:34","date_gmt":"2023-02-06T13:52:34","guid":{"rendered":"http:\/\/ameublement-votre.fr\/?page_id=2"},"modified":"2023-03-25T21:19:38","modified_gmt":"2023-03-25T20:19:38","slug":"page-d-exemple","status":"publish","type":"page","link":"https:\/\/ameublement-votre.fr\/","title":{"rendered":"Page Accueil"},"content":{"rendered":"\n<p>Ameublement Votre vous accompagne dans l&#8217;am\u00e9nagement de votre int\u00e9rieur, bas\u00e9 sur Aix-les-Bains, nous sommes \u00e0 votre \u00e9coute pour r\u00e9pondre \u00e0 vos projets.<\/p>\n\n\n\n<p>Nous vous proposons une gamme compl\u00e8te de meubles, literies, canap\u00e9s\/banquettes, et objet de d\u00e9coration.<\/p>\n\n\n\n<p>Nous proposons \u00e9galement une gamme sp\u00e9cifique pour les professionnels r\u00e9pondant aux diff\u00e9rentes normes de s\u00e9curit\u00e9. <\/p>\n\n\n\n<figure class=\"wp-block-gallery alignwide has-nested-images columns-default is-cropped wp-block-gallery-1 is-layout-flex wp-block-gallery-is-layout-flex\">\n<figure class=\"wp-block-image size-full is-style-default\"><img loading=\"lazy\" decoding=\"async\" width=\"820\" height=\"513\" data-id=\"16\" src=\"http:\/\/ameublement-votre.fr\/wp-content\/uploads\/2023\/02\/277779882_391285456337129_5735772179521438206_n.jpg\" alt=\"\" class=\"wp-image-16\" srcset=\"https:\/\/ameublement-votre.fr\/wp-content\/uploads\/2023\/02\/277779882_391285456337129_5735772179521438206_n.jpg 820w, https:\/\/ameublement-votre.fr\/wp-content\/uploads\/2023\/02\/277779882_391285456337129_5735772179521438206_n-300x188.jpg 300w, https:\/\/ameublement-votre.fr\/wp-content\/uploads\/2023\/02\/277779882_391285456337129_5735772179521438206_n-768x480.jpg 768w\" sizes=\"auto, (max-width: 820px) 100vw, 820px\" \/><\/figure>\n\n\n\n<figure class=\"wp-block-image size-full\"><img loading=\"lazy\" decoding=\"async\" width=\"960\" height=\"720\" data-id=\"15\" src=\"http:\/\/ameublement-votre.fr\/wp-content\/uploads\/2023\/02\/260562934_2982852142043003_1533637925114584438_n.jpg\" alt=\"\" class=\"wp-image-15\" srcset=\"https:\/\/ameublement-votre.fr\/wp-content\/uploads\/2023\/02\/260562934_2982852142043003_1533637925114584438_n.jpg 960w, https:\/\/ameublement-votre.fr\/wp-content\/uploads\/2023\/02\/260562934_2982852142043003_1533637925114584438_n-300x225.jpg 300w, https:\/\/ameublement-votre.fr\/wp-content\/uploads\/2023\/02\/260562934_2982852142043003_1533637925114584438_n-768x576.jpg 768w\" sizes=\"auto, (max-width: 960px) 100vw, 960px\" \/><\/figure>\n\n\n\n<figure class=\"wp-block-image size-full\"><img loading=\"lazy\" decoding=\"async\" width=\"820\" height=\"513\" data-id=\"14\" src=\"http:\/\/ameublement-votre.fr\/wp-content\/uploads\/2023\/02\/11904094_1459027261092173_4617199790053222612_n.jpg\" alt=\"\" class=\"wp-image-14\" srcset=\"https:\/\/ameublement-votre.fr\/wp-content\/uploads\/2023\/02\/11904094_1459027261092173_4617199790053222612_n.jpg 820w, https:\/\/ameublement-votre.fr\/wp-content\/uploads\/2023\/02\/11904094_1459027261092173_4617199790053222612_n-300x188.jpg 300w, https:\/\/ameublement-votre.fr\/wp-content\/uploads\/2023\/02\/11904094_1459027261092173_4617199790053222612_n-768x480.jpg 768w\" sizes=\"auto, (max-width: 820px) 100vw, 820px\" \/><\/figure>\n\n\n\n<figure class=\"wp-block-image size-full\"><img loading=\"lazy\" decoding=\"async\" width=\"954\" height=\"499\" data-id=\"18\" src=\"http:\/\/ameublement-votre.fr\/wp-content\/uploads\/2023\/02\/312548287_547730000692673_1387780492521030860_n.jpg\" alt=\"\" class=\"wp-image-18\" srcset=\"https:\/\/ameublement-votre.fr\/wp-content\/uploads\/2023\/02\/312548287_547730000692673_1387780492521030860_n.jpg 954w, https:\/\/ameublement-votre.fr\/wp-content\/uploads\/2023\/02\/312548287_547730000692673_1387780492521030860_n-300x157.jpg 300w, https:\/\/ameublement-votre.fr\/wp-content\/uploads\/2023\/02\/312548287_547730000692673_1387780492521030860_n-768x402.jpg 768w\" sizes=\"auto, (max-width: 954px) 100vw, 954px\" \/><\/figure>\n\n\n\n<figure class=\"wp-block-image size-full\"><img loading=\"lazy\" decoding=\"async\" width=\"600\" height=\"600\" data-id=\"17\" src=\"http:\/\/ameublement-votre.fr\/wp-content\/uploads\/2023\/02\/283751606_422534713212203_1444516535677363754_n.jpg\" alt=\"\" class=\"wp-image-17\" srcset=\"https:\/\/ameublement-votre.fr\/wp-content\/uploads\/2023\/02\/283751606_422534713212203_1444516535677363754_n.jpg 600w, https:\/\/ameublement-votre.fr\/wp-content\/uploads\/2023\/02\/283751606_422534713212203_1444516535677363754_n-300x300.jpg 300w, https:\/\/ameublement-votre.fr\/wp-content\/uploads\/2023\/02\/283751606_422534713212203_1444516535677363754_n-150x150.jpg 150w\" sizes=\"auto, (max-width: 600px) 100vw, 600px\" \/><\/figure>\n<\/figure>\n","protected":false},"excerpt":{"rendered":"<p>Ameublement Votre vous accompagne dans l&#8217;am\u00e9nagement de votre int\u00e9rieur, bas\u00e9 sur Aix-les-Bains, nous sommes \u00e0 votre \u00e9coute pour r\u00e9pondre \u00e0 vos projets. Nous vous proposons une gamme compl\u00e8te de meubles, literies, canap\u00e9s\/banquettes, et objet de d\u00e9coration. Nous proposons \u00e9galement une gamme sp\u00e9cifique pour les professionnels r\u00e9pondant aux diff\u00e9rentes normes de s\u00e9curit\u00e9.<\/p>\n","protected":false},"author":1,"featured_media":0,"parent":0,"menu_order":0,"comment_status":"closed","ping_status":"closed","template":"","meta":{"footnotes":""},"class_list":["post-2","page","type-page","status-publish","hentry"],"yoast_head":"<!-- This site is optimized with the Yoast SEO plugin v21.5 - https:\/\/yoast.com\/wordpress\/plugins\/seo\/ -->\n<title>Page Accueil - Ameublement Votre<\/title>\n<meta name=\"robots\" content=\"index, follow, max-snippet:-1, max-image-preview:large, max-video-preview:-1\" \/>\n<link rel=\"canonical\" href=\"https:\/\/ameublement-votre.fr\/\" \/>\n<meta property=\"og:locale\" content=\"en_US\" \/>\n<meta property=\"og:type\" content=\"article\" \/>\n<meta property=\"og:title\" content=\"Page Accueil - Ameublement Votre\" \/>\n<meta property=\"og:description\" content=\"Ameublement Votre vous accompagne dans l&#8217;am\u00e9nagement de votre int\u00e9rieur, bas\u00e9 sur Aix-les-Bains, nous sommes \u00e0 votre \u00e9coute pour r\u00e9pondre \u00e0 vos projets. Nous vous proposons une gamme compl\u00e8te de meubles, literies, canap\u00e9s\/banquettes, et objet de d\u00e9coration. Nous proposons \u00e9galement une gamme sp\u00e9cifique pour les professionnels r\u00e9pondant aux diff\u00e9rentes normes de s\u00e9curit\u00e9.\" \/>\n<meta property=\"og:url\" content=\"https:\/\/ameublement-votre.fr\/\" \/>\n<meta property=\"og:site_name\" content=\"Ameublement Votre\" \/>\n<meta property=\"article:publisher\" content=\"https:\/\/www.facebook.com\/Ameublement.votre73\" \/>\n<meta property=\"article:modified_time\" content=\"2023-03-25T20:19:38+00:00\" \/>\n<meta property=\"og:image\" content=\"http:\/\/ameublement-votre.fr\/wp-content\/uploads\/2023\/02\/277779882_391285456337129_5735772179521438206_n.jpg\" \/>\n<meta name=\"twitter:card\" content=\"summary_large_image\" \/>\n<meta name=\"twitter:label1\" content=\"Est. reading time\" \/>\n\t<meta name=\"twitter:data1\" content=\"2 minutes\" \/>\n<script type=\"application\/ld+json\" class=\"yoast-schema-graph\">{\"@context\":\"https:\/\/schema.org\",\"@graph\":[{\"@type\":\"WebPage\",\"@id\":\"https:\/\/ameublement-votre.fr\/\",\"url\":\"https:\/\/ameublement-votre.fr\/\",\"name\":\"Page Accueil - Ameublement Votre\",\"isPartOf\":{\"@id\":\"https:\/\/ameublement-votre.fr\/#website\"},\"datePublished\":\"2023-02-06T13:52:34+00:00\",\"dateModified\":\"2023-03-25T20:19:38+00:00\",\"breadcrumb\":{\"@id\":\"https:\/\/ameublement-votre.fr\/#breadcrumb\"},\"inLanguage\":\"en-US\",\"potentialAction\":[{\"@type\":\"ReadAction\",\"target\":[\"https:\/\/ameublement-votre.fr\/\"]}]},{\"@type\":\"BreadcrumbList\",\"@id\":\"https:\/\/ameublement-votre.fr\/#breadcrumb\",\"itemListElement\":[{\"@type\":\"ListItem\",\"position\":1,\"name\":\"Accueil\",\"item\":\"https:\/\/ameublement-votre.fr\/\"},{\"@type\":\"ListItem\",\"position\":2,\"name\":\"Page Accueil\"}]},{\"@type\":\"WebSite\",\"@id\":\"https:\/\/ameublement-votre.fr\/#website\",\"url\":\"https:\/\/ameublement-votre.fr\/\",\"name\":\"Ameublement Votre\",\"description\":\"Construisons ensemble un int\u00e9rieur qui vous ressemble !\",\"publisher\":{\"@id\":\"https:\/\/ameublement-votre.fr\/#organization\"},\"potentialAction\":[{\"@type\":\"SearchAction\",\"target\":{\"@type\":\"EntryPoint\",\"urlTemplate\":\"https:\/\/ameublement-votre.fr\/?s={search_term_string}\"},\"query-input\":\"required name=search_term_string\"}],\"inLanguage\":\"en-US\"},{\"@type\":\"Organization\",\"@id\":\"https:\/\/ameublement-votre.fr\/#organization\",\"name\":\"Ameublement Votre\",\"url\":\"https:\/\/ameublement-votre.fr\/\",\"logo\":{\"@type\":\"ImageObject\",\"inLanguage\":\"en-US\",\"@id\":\"https:\/\/ameublement-votre.fr\/#\/schema\/logo\/image\/\",\"url\":\"https:\/\/ameublement-votre.fr\/wp-content\/uploads\/2023\/02\/logo-refait-scaled.jpg\",\"contentUrl\":\"https:\/\/ameublement-votre.fr\/wp-content\/uploads\/2023\/02\/logo-refait-scaled.jpg\",\"width\":2560,\"height\":1602,\"caption\":\"Ameublement Votre\"},\"image\":{\"@id\":\"https:\/\/ameublement-votre.fr\/#\/schema\/logo\/image\/\"},\"sameAs\":[\"https:\/\/www.facebook.com\/Ameublement.votre73\",\"https:\/\/www.instagram.com\/ameublementvotre\/\"]}]}<\/script>\n<!-- \/ Yoast SEO plugin. -->","yoast_head_json":{"title":"Page Accueil - Ameublement Votre","robots":{"index":"index","follow":"follow","max-snippet":"max-snippet:-1","max-image-preview":"max-image-preview:large","max-video-preview":"max-video-preview:-1"},"canonical":"https:\/\/ameublement-votre.fr\/","og_locale":"en_US","og_type":"article","og_title":"Page Accueil - Ameublement Votre","og_description":"Ameublement Votre vous accompagne dans l&#8217;am\u00e9nagement de votre int\u00e9rieur, bas\u00e9 sur Aix-les-Bains, nous sommes \u00e0 votre \u00e9coute pour r\u00e9pondre \u00e0 vos projets. Nous vous proposons une gamme compl\u00e8te de meubles, literies, canap\u00e9s\/banquettes, et objet de d\u00e9coration. Nous proposons \u00e9galement une gamme sp\u00e9cifique pour les professionnels r\u00e9pondant aux diff\u00e9rentes normes de s\u00e9curit\u00e9.","og_url":"https:\/\/ameublement-votre.fr\/","og_site_name":"Ameublement Votre","article_publisher":"https:\/\/www.facebook.com\/Ameublement.votre73","article_modified_time":"2023-03-25T20:19:38+00:00","og_image":[{"url":"http:\/\/ameublement-votre.fr\/wp-content\/uploads\/2023\/02\/277779882_391285456337129_5735772179521438206_n.jpg"}],"twitter_card":"summary_large_image","twitter_misc":{"Est. reading time":"2 minutes"},"schema":{"@context":"https:\/\/schema.org","@graph":[{"@type":"WebPage","@id":"https:\/\/ameublement-votre.fr\/","url":"https:\/\/ameublement-votre.fr\/","name":"Page Accueil - Ameublement Votre","isPartOf":{"@id":"https:\/\/ameublement-votre.fr\/#website"},"datePublished":"2023-02-06T13:52:34+00:00","dateModified":"2023-03-25T20:19:38+00:00","breadcrumb":{"@id":"https:\/\/ameublement-votre.fr\/#breadcrumb"},"inLanguage":"en-US","potentialAction":[{"@type":"ReadAction","target":["https:\/\/ameublement-votre.fr\/"]}]},{"@type":"BreadcrumbList","@id":"https:\/\/ameublement-votre.fr\/#breadcrumb","itemListElement":[{"@type":"ListItem","position":1,"name":"Accueil","item":"https:\/\/ameublement-votre.fr\/"},{"@type":"ListItem","position":2,"name":"Page Accueil"}]},{"@type":"WebSite","@id":"https:\/\/ameublement-votre.fr\/#website","url":"https:\/\/ameublement-votre.fr\/","name":"Ameublement Votre","description":"Construisons ensemble un int\u00e9rieur qui vous ressemble !","publisher":{"@id":"https:\/\/ameublement-votre.fr\/#organization"},"potentialAction":[{"@type":"SearchAction","target":{"@type":"EntryPoint","urlTemplate":"https:\/\/ameublement-votre.fr\/?s={search_term_string}"},"query-input":"required name=search_term_string"}],"inLanguage":"en-US"},{"@type":"Organization","@id":"https:\/\/ameublement-votre.fr\/#organization","name":"Ameublement Votre","url":"https:\/\/ameublement-votre.fr\/","logo":{"@type":"ImageObject","inLanguage":"en-US","@id":"https:\/\/ameublement-votre.fr\/#\/schema\/logo\/image\/","url":"https:\/\/ameublement-votre.fr\/wp-content\/uploads\/2023\/02\/logo-refait-scaled.jpg","contentUrl":"https:\/\/ameublement-votre.fr\/wp-content\/uploads\/2023\/02\/logo-refait-scaled.jpg","width":2560,"height":1602,"caption":"Ameublement Votre"},"image":{"@id":"https:\/\/ameublement-votre.fr\/#\/schema\/logo\/image\/"},"sameAs":["https:\/\/www.facebook.com\/Ameublement.votre73","https:\/\/www.instagram.com\/ameublementvotre\/"]}]}},"jetpack_sharing_enabled":true,"_links":{"self":[{"href":"https:\/\/ameublement-votre.fr\/index.php?rest_route=\/wp\/v2\/pages\/2","targetHints":{"allow":["GET"]}}],"collection":[{"href":"https:\/\/ameublement-votre.fr\/index.php?rest_route=\/wp\/v2\/pages"}],"about":[{"href":"https:\/\/ameublement-votre.fr\/index.php?rest_route=\/wp\/v2\/types\/page"}],"author":[{"embeddable":true,"href":"https:\/\/ameublement-votre.fr\/index.php?rest_route=\/wp\/v2\/users\/1"}],"replies":[{"embeddable":true,"href":"https:\/\/ameublement-votre.fr\/index.php?rest_route=%2Fwp%2Fv2%2Fcomments&post=2"}],"version-history":[{"count":5,"href":"https:\/\/ameublement-votre.fr\/index.php?rest_route=\/wp\/v2\/pages\/2\/revisions"}],"predecessor-version":[{"id":61,"href":"https:\/\/ameublement-votre.fr\/index.php?rest_route=\/wp\/v2\/pages\/2\/revisions\/61"}],"wp:attachment":[{"href":"https:\/\/ameublement-votre.fr\/index.php?rest_route=%2Fwp%2Fv2%2Fmedia&parent=2"}],"curies":[{"name":"wp","href":"https:\/\/api.w.org\/{rel}","templated":true}]}}